{"id":98,"date":"2011-02-24T12:47:30","date_gmt":"2011-02-24T12:47:30","guid":{"rendered":"http:\/\/maarwegstudio2.com\/site\/?page_id=98"},"modified":"2022-01-27T14:05:38","modified_gmt":"2022-01-27T14:05:38","slug":"willkommen","status":"publish","type":"page","link":"https:\/\/www.maarwegstudio2.com\/site\/","title":{"rendered":"Home"},"content":{"rendered":"<div><a href=\"http:\/\/www.maarwegstudio2.com\/site\/wp-content\/uploads\/2011\/02\/Goewecke_2012-03-09_11-52-57_DSC9572_Regie_neues-Pult_Teilpano1_50proz.jpg\"><img loading=\"lazy\" decoding=\"async\" class=\"aligncenter wp-image-715\" title=\"maarwegstudio2 - Regieraum\" src=\"http:\/\/www.maarwegstudio2.com\/site\/wp-content\/uploads\/2011\/02\/Goewecke_2012-03-09_11-52-57_DSC9572_Regie_neues-Pult_Teilpano1_50proz-1024x356.jpg\" alt=\"\" width=\"655\" height=\"228\" srcset=\"https:\/\/www.maarwegstudio2.com\/site\/wp-content\/uploads\/2011\/02\/Goewecke_2012-03-09_11-52-57_DSC9572_Regie_neues-Pult_Teilpano1_50proz-1024x356.jpg 1024w, https:\/\/www.maarwegstudio2.com\/site\/wp-content\/uploads\/2011\/02\/Goewecke_2012-03-09_11-52-57_DSC9572_Regie_neues-Pult_Teilpano1_50proz-300x104.jpg 300w\" sizes=\"auto, (max-width: 655px) 100vw, 655px\" \/><\/a><\/div>\n<p>&nbsp;<\/p>\n<div>Willkommen im&nbsp;<strong>maarwegstudio2<\/strong><\/div>\n<div><\/div>\n<div>Wir sind ein professionelles Tonstudio in K\u00f6ln Braunsfeld.<\/div>\n<div>Das ehemalige EMI Studio &#8211;&nbsp;mit angegliederter SSL Mix-Suite &#8211;&nbsp; ist eines der letzten klassischen Recording-Studios und bietet neben moderner Digitaltechnik auch eine exklusive&nbsp; Sammlung von analogem Vintage-Equipment und Instrumenten.<\/div>\n<div>Unser 150 qm gro\u00dfer Aufnahmeraum und die 40 qm Regie verstr\u00f6men original 70er Flair in einer besonderen Atmosph\u00e4re.<\/div>\n<div>Produzieren in einer so gro\u00dfz\u00fcgigen und speziellen Umgebung ist in diesen Zeiten sicher au\u00dfergew\u00f6hnlich, aber auch ein wunderbarer Katalysator f\u00fcr jegliche Kreativit\u00e4t!<\/div>\n<div>Rock, Pop oder Jazz \u2013 hier laufen Produktionen unterschiedlicher Genres und bei Bedarf haben wir auch die passenden Toningenieure \/ Produzenten f\u00fcr das&nbsp; jeweilige Projekt im Team; ob gro\u00dfe Produktion mit Major-Label im Hintergrund oder Indie-Band, die sich selbst finanziert.<\/div>\n<div>Selbst Klassik- und Big Band-Aufnahmen sind im <strong>maarwegstudio2<\/strong> schon erfolgreich produziert worden.<\/div>\n<div>Zus\u00e4tzlich zum gro\u00dfen Aufnahmeraum verf\u00fcgt das Studio auf den angrenzenden Etagen \u00fcber ein weiteres <a title=\"m2-project\" href=\"http:\/\/www.maarwegstudio2.com\/site\/m2-project\/\">Projektstudio<\/a> und einen Aufenthaltsraum mit Arbeitsplatz.<\/div>\n<div><\/div>\n<div>Um auch ohne gro\u00dfes Budget im gro\u00dfen Aufnahmeraum arbeiten zu k\u00f6nnen haben wir uns vor einiger Zeit die <strong>&#8222;Indie-Option&#8220;<\/strong> \u00fcberlegt &#8211; dabei wird nicht von der externen Regie nebenan, sondern von einer Kabine IM Aufnahmeraum aus aufgenommen. Sprecht uns gern an!<\/div>\n<div><\/div>\n<div>Au\u00dferdem: Sonder-Konditionen f\u00fcr<strong> Studierende der Musikhochschule <\/strong>K\u00f6ln!<strong><br \/>\n<\/strong><\/div>\n","protected":false},"excerpt":{"rendered":"<p>&nbsp; Willkommen im&nbsp;maarwegstudio2 Wir sind ein professionelles Tonstudio in K\u00f6ln Braunsfeld. Das ehemalige EMI Studio &#8211;&nbsp;mit angegliederter SSL Mix-Suite &#8211;&nbsp; ist eines der letzten klassischen Recording-Studios und bietet neben moderner Digitaltechnik auch eine exklusive&nbsp; Sammlung von analogem Vintage-Equipment und Instrumenten. Unser 150 qm gro\u00dfer Aufnahmeraum und die 40 qm Regie verstr\u00f6men original 70er Flair in &hellip; <\/p>\n<p class=\"link-more\"><a href=\"https:\/\/www.maarwegstudio2.com\/site\/\" class=\"more-link\"><span class=\"screen-reader-text\">\u201eHome\u201c <\/span>weiterlesen<\/a><\/p>\n","protected":false},"author":4,"featured_media":0,"parent":0,"menu_order":0,"comment_status":"closed","ping_status":"open","template":"","meta":{"ngg_post_thumbnail":0,"footnotes":""},"class_list":["post-98","page","type-page","status-publish","hentry"],"_links":{"self":[{"href":"https:\/\/www.maarwegstudio2.com\/site\/wp-json\/wp\/v2\/pages\/98","targetHints":{"allow":["GET"]}}],"collection":[{"href":"https:\/\/www.maarwegstudio2.com\/site\/wp-json\/wp\/v2\/pages"}],"about":[{"href":"https:\/\/www.maarwegstudio2.com\/site\/wp-json\/wp\/v2\/types\/page"}],"author":[{"embeddable":true,"href":"https:\/\/www.maarwegstudio2.com\/site\/wp-json\/wp\/v2\/users\/4"}],"replies":[{"embeddable":true,"href":"https:\/\/www.maarwegstudio2.com\/site\/wp-json\/wp\/v2\/comments?post=98"}],"version-history":[{"count":5,"href":"https:\/\/www.maarwegstudio2.com\/site\/wp-json\/wp\/v2\/pages\/98\/revisions"}],"predecessor-version":[{"id":1183,"href":"https:\/\/www.maarwegstudio2.com\/site\/wp-json\/wp\/v2\/pages\/98\/revisions\/1183"}],"wp:attachment":[{"href":"https:\/\/www.maarwegstudio2.com\/site\/wp-json\/wp\/v2\/media?parent=98"}],"curies":[{"name":"wp","href":"https:\/\/api.w.org\/{rel}","templated":true}]}}