{"id":174,"date":"2011-02-27T16:29:10","date_gmt":"2011-02-27T16:29:10","guid":{"rendered":"http:\/\/maarwegstudio2.com\/site\/?page_id=174"},"modified":"2021-09-01T12:34:36","modified_gmt":"2021-09-01T12:34:36","slug":"maarwegaudio","status":"publish","type":"page","link":"https:\/\/www.maarwegstudio2.com\/site\/maarwegaudio\/","title":{"rendered":"Maarwegaudio"},"content":{"rendered":"<p>&nbsp;<\/p>\n<p>&nbsp;<\/p>\n<p><img loading=\"lazy\" decoding=\"async\" class=\"size-medium wp-image-250\" title=\"Maarwegaudio\" src=\"http:\/\/www.maarwegstudio2.com\/site\/wp-content\/uploads\/2011\/02\/Audio_logo_klein-300x124.jpg\" alt=\"\" width=\"216\" height=\"90\" srcset=\"https:\/\/www.maarwegstudio2.com\/site\/wp-content\/uploads\/2011\/02\/Audio_logo_klein-300x124.jpg 300w, https:\/\/www.maarwegstudio2.com\/site\/wp-content\/uploads\/2011\/02\/Audio_logo_klein.jpg 525w\" sizes=\"auto, (max-width: 216px) 100vw, 216px\" \/><\/p>\n<p>&nbsp;<\/p>\n<p>Hier vertreiben wir Studioger\u00e4te und Equipment, das wir selbst benutzen und von dessen Qualit\u00e4t wir \u00fcberzeugt sind. Ger\u00e4te folgender Marken sind mit verantwortlich f\u00fcr den guten maarwegstudio2-Sound und k\u00f6nnen \u00fcber uns bestellt werden:<\/p>\n<p><strong>Tubetech, Vintage Design, TK Audio, Black Lion Audio, Softube, Sontronics, AEA, Rockruepel,<\/strong>&#8230;<\/p>\n<p>&#8230;andere Hersteller auf Anfrage.<\/p>\n<p>Beim Kauf stehen wir euch mit unserem Know-How und der Erfahrung aus dem t\u00e4glichen Studiobetrieb gerne beratend zur Seite.<\/p>\n<p><a href=\"http:\/\/www.audiowerk.eu\/home\" target=\"_blank\" rel=\"noopener\">http:\/\/www.audiowerk.eu\/home<\/a><br \/>\n<a href=\"http:\/\/www.vintagedesign.se\" target=\"_blank\" rel=\"noopener\">http:\/\/www.vintagedesign.se<\/a><br \/>\n<a href=\"http:\/\/www.tkaudio.se\" target=\"_blank\" rel=\"noopener\">http:\/\/www.tkaudio.se<\/a><br \/>\n<a href=\"http:\/\/www.uaudio.com\" target=\"_blank\" rel=\"noopener\">http:\/\/www.uaudio.com<\/a><br \/>\n<a href=\"http:\/\/www.ribbonmics.com\" target=\"_blank\" rel=\"noopener\">http:\/\/www.ribbonmics.com<\/a><br \/>\n<a href=\"http:\/\/www.brauner-microphones.de\" target=\"_blank\" rel=\"noopener\">www.brauner-microphones.de<\/a><br \/>\n<a href=\"http:\/\/www.auratonesoundcubes.com\" target=\"_blank\" rel=\"noopener\">http:\/\/www.auratonesoundcubes.com<\/a><\/p>\n<p>Infos, Testger\u00e4te und Preise auf Anfrage: &nbsp;<a href=\"mailto:info@maarwegstudio2.com\">info@maarwegaudio.com<\/a><\/p>\n<p>&nbsp;<\/p>\n","protected":false},"excerpt":{"rendered":"<p>&nbsp; &nbsp; &nbsp; Hier vertreiben wir Studioger\u00e4te und Equipment, das wir selbst benutzen und von dessen Qualit\u00e4t wir \u00fcberzeugt sind. Ger\u00e4te folgender Marken sind mit verantwortlich f\u00fcr den guten maarwegstudio2-Sound und k\u00f6nnen \u00fcber uns bestellt werden: Tubetech, Vintage Design, TK Audio, Black Lion Audio, Softube, Sontronics, AEA, Rockruepel,&#8230; &#8230;andere Hersteller auf Anfrage. Beim Kauf stehen &hellip; <\/p>\n<p class=\"link-more\"><a href=\"https:\/\/www.maarwegstudio2.com\/site\/maarwegaudio\/\" class=\"more-link\"><span class=\"screen-reader-text\">\u201eMaarwegaudio\u201c <\/span>weiterlesen<\/a><\/p>\n","protected":false},"author":4,"featured_media":0,"parent":0,"menu_order":0,"comment_status":"closed","ping_status":"open","template":"","meta":{"ngg_post_thumbnail":0,"footnotes":""},"class_list":["post-174","page","type-page","status-publish","hentry"],"_links":{"self":[{"href":"https:\/\/www.maarwegstudio2.com\/site\/wp-json\/wp\/v2\/pages\/174","targetHints":{"allow":["GET"]}}],"collection":[{"href":"https:\/\/www.maarwegstudio2.com\/site\/wp-json\/wp\/v2\/pages"}],"about":[{"href":"https:\/\/www.maarwegstudio2.com\/site\/wp-json\/wp\/v2\/types\/page"}],"author":[{"embeddable":true,"href":"https:\/\/www.maarwegstudio2.com\/site\/wp-json\/wp\/v2\/users\/4"}],"replies":[{"embeddable":true,"href":"https:\/\/www.maarwegstudio2.com\/site\/wp-json\/wp\/v2\/comments?post=174"}],"version-history":[{"count":5,"href":"https:\/\/www.maarwegstudio2.com\/site\/wp-json\/wp\/v2\/pages\/174\/revisions"}],"predecessor-version":[{"id":1166,"href":"https:\/\/www.maarwegstudio2.com\/site\/wp-json\/wp\/v2\/pages\/174\/revisions\/1166"}],"wp:attachment":[{"href":"https:\/\/www.maarwegstudio2.com\/site\/wp-json\/wp\/v2\/media?parent=174"}],"curies":[{"name":"wp","href":"https:\/\/api.w.org\/{rel}","templated":true}]}}