{"id":168,"date":"2011-02-27T16:28:22","date_gmt":"2011-02-27T16:28:22","guid":{"rendered":"http:\/\/maarwegstudio2.com\/site\/?page_id=168"},"modified":"2021-09-01T12:44:13","modified_gmt":"2021-09-01T12:44:13","slug":"history","status":"publish","type":"page","link":"https:\/\/www.maarwegstudio2.com\/site\/history\/","title":{"rendered":"History"},"content":{"rendered":"<p>Das maarwegstudio2 in K\u00f6ln z\u00e4hlt zu den etabliertesten Ton-Studios &nbsp;in Deutschland und war in den letzten Jahrzehnten der Geburtsort &nbsp;von zahlreichen legend\u00e4ren Musikaufnahmen im Pop\/Rock Bereich (wie u.a. Herbert Gr\u00f6nemeyer, Tina Turner, Pink Floyd).<\/p>\n<p>In der Vergangenheit als EMI-Studio bereits weit \u00fcber K\u00f6ln hinaus bekannt geworden, sind die &nbsp;geschichtstr\u00e4chtigen Aufnahme-R\u00e4ume mit original 70ies Flair seit 2005 die Heimat des Produzenten Wolfgang \u201eStackman\u201c Stach.<\/p>\n<p>Das maarwegstudio2&nbsp;ist eines der letzten klassischen Recording-Studios, wie es sie kaum noch gibt, und bietet neben exklusiver und moderner Aufnahmetechnik auch die &nbsp;M\u00f6glichkeit mit analogem Vintage-Equipment zu produzieren.<\/p>\n<p>&nbsp;<\/p>\n<p>Nach den goldenen Tagen mit Herbert Gr\u00f6nemeyer, Heino oder Fehlfarben geben sich heutzutage Klee, Revolverheld oder Jupiter Jones die Klinke in die Hand.<\/p>\n<p>Ob Pop-, Rock- oder Jazz-Produktion, eines haben alle K\u00fcnstler gemeinsam: Sie verlieben sich in das tolle Flair des 150 qm gro\u00dfen Aufnahmeraums und der 40 qm Regie. Produzieren in einer so gro\u00dfz\u00fcgigen und besonderen Umgebung ist in diesen Zeiten sicher au\u00dfergew\u00f6hnlich.<\/p>\n<p>Die neu eingerichtete Mix-Suite, das \u201eMaarweg Studio 3, the SSL room\u201c mit einer &nbsp;SSL 4048 E mit \u201cblack\u201d EQ und Total Recall und den Besonderheiten G-Computer, G+ Inputs und G+ Summe veredelt das Umfeld und macht das maarwegstudio2 zu einer Topadresse.<\/p>\n<p>&nbsp;<\/p>\n<p>&nbsp;<\/p>\n<p>&nbsp;<\/p>\n","protected":false},"excerpt":{"rendered":"<p>Das maarwegstudio2 in K\u00f6ln z\u00e4hlt zu den etabliertesten Ton-Studios &nbsp;in Deutschland und war in den letzten Jahrzehnten der Geburtsort &nbsp;von zahlreichen legend\u00e4ren Musikaufnahmen im Pop\/Rock Bereich (wie u.a. Herbert Gr\u00f6nemeyer, Tina Turner, Pink Floyd). In der Vergangenheit als EMI-Studio bereits weit \u00fcber K\u00f6ln hinaus bekannt geworden, sind die &nbsp;geschichtstr\u00e4chtigen Aufnahme-R\u00e4ume mit original 70ies Flair seit &hellip; <\/p>\n<p class=\"link-more\"><a href=\"https:\/\/www.maarwegstudio2.com\/site\/history\/\" class=\"more-link\"><span class=\"screen-reader-text\">\u201eHistory\u201c <\/span>weiterlesen<\/a><\/p>\n","protected":false},"author":4,"featured_media":0,"parent":0,"menu_order":0,"comment_status":"closed","ping_status":"open","template":"","meta":{"ngg_post_thumbnail":0,"footnotes":""},"class_list":["post-168","page","type-page","status-publish","hentry"],"_links":{"self":[{"href":"https:\/\/www.maarwegstudio2.com\/site\/wp-json\/wp\/v2\/pages\/168","targetHints":{"allow":["GET"]}}],"collection":[{"href":"https:\/\/www.maarwegstudio2.com\/site\/wp-json\/wp\/v2\/pages"}],"about":[{"href":"https:\/\/www.maarwegstudio2.com\/site\/wp-json\/wp\/v2\/types\/page"}],"author":[{"embeddable":true,"href":"https:\/\/www.maarwegstudio2.com\/site\/wp-json\/wp\/v2\/users\/4"}],"replies":[{"embeddable":true,"href":"https:\/\/www.maarwegstudio2.com\/site\/wp-json\/wp\/v2\/comments?post=168"}],"version-history":[{"count":5,"href":"https:\/\/www.maarwegstudio2.com\/site\/wp-json\/wp\/v2\/pages\/168\/revisions"}],"predecessor-version":[{"id":1173,"href":"https:\/\/www.maarwegstudio2.com\/site\/wp-json\/wp\/v2\/pages\/168\/revisions\/1173"}],"wp:attachment":[{"href":"https:\/\/www.maarwegstudio2.com\/site\/wp-json\/wp\/v2\/media?parent=168"}],"curies":[{"name":"wp","href":"https:\/\/api.w.org\/{rel}","templated":true}]}}