{"id":156,"date":"2011-02-27T16:26:41","date_gmt":"2011-02-27T16:26:41","guid":{"rendered":"http:\/\/maarwegstudio2.com\/site\/?page_id=156"},"modified":"2021-09-01T12:34:09","modified_gmt":"2021-09-01T12:34:09","slug":"m2-project","status":"publish","type":"page","link":"https:\/\/www.maarwegstudio2.com\/site\/m2-project\/","title":{"rendered":"m2-project"},"content":{"rendered":"<p>Angeschlossen an das maarwegstudio2 (im selben Haus) gibt es ein Projektstudio f\u00fcr Overdub, Writing und Mixing Sessions zu einem g\u00fcnstigen Preis. Das Studio hat eine professionelle Akustik und einen kleinen Aufnahmeraum. Nat\u00fcrlich gibt es auch ein ProTools\/Logic System mit analoger Peripherie.<\/p>\n<p><a href=\"http:\/\/www.maarwegstudio2.com\/site\/wp-content\/uploads\/2011\/02\/Projektstudio.jpg\"><img loading=\"lazy\" decoding=\"async\" class=\"aligncenter  wp-image-1033\" src=\"http:\/\/www.maarwegstudio2.com\/site\/wp-content\/uploads\/2011\/02\/Projektstudio-1024x768.jpg\" alt=\"Projektstudio\" width=\"350\" height=\"263\" srcset=\"https:\/\/www.maarwegstudio2.com\/site\/wp-content\/uploads\/2011\/02\/Projektstudio-1024x768.jpg 1024w, https:\/\/www.maarwegstudio2.com\/site\/wp-content\/uploads\/2011\/02\/Projektstudio-300x225.jpg 300w, https:\/\/www.maarwegstudio2.com\/site\/wp-content\/uploads\/2011\/02\/Projektstudio-768x576.jpg 768w, https:\/\/www.maarwegstudio2.com\/site\/wp-content\/uploads\/2011\/02\/Projektstudio.jpg 2048w\" sizes=\"auto, (max-width: 350px) 100vw, 350px\" \/><\/a><\/p>\n<p>In Verbindung mit dem maarwegstudio2 gibt es ein interessantes Pauschalangebot:<\/p>\n<p># 2 Tage maarwegstudio2 (z.B. Drums im gro\u00dfen Aufnahmeraum)<\/p>\n<p># 5 Tage m2-project<\/p>\n<p>Gesamt: 1299,- \u20ac zzgl. MwSt.<\/p>\n<p>Hinzu kommt noch der Toningenieur\/Produzent je nach Anspruch und Budget.<\/p>\n","protected":false},"excerpt":{"rendered":"<p>Angeschlossen an das maarwegstudio2 (im selben Haus) gibt es ein Projektstudio f\u00fcr Overdub, Writing und Mixing Sessions zu einem g\u00fcnstigen Preis. Das Studio hat eine professionelle Akustik und einen kleinen Aufnahmeraum. Nat\u00fcrlich gibt es auch ein ProTools\/Logic System mit analoger Peripherie. In Verbindung mit dem maarwegstudio2 gibt es ein interessantes Pauschalangebot: # 2 Tage maarwegstudio2 &hellip; <\/p>\n<p class=\"link-more\"><a href=\"https:\/\/www.maarwegstudio2.com\/site\/m2-project\/\" class=\"more-link\"><span class=\"screen-reader-text\">\u201em2-project\u201c <\/span>weiterlesen<\/a><\/p>\n","protected":false},"author":4,"featured_media":0,"parent":0,"menu_order":0,"comment_status":"closed","ping_status":"open","template":"","meta":{"ngg_post_thumbnail":0,"footnotes":""},"class_list":["post-156","page","type-page","status-publish","hentry"],"_links":{"self":[{"href":"https:\/\/www.maarwegstudio2.com\/site\/wp-json\/wp\/v2\/pages\/156","targetHints":{"allow":["GET"]}}],"collection":[{"href":"https:\/\/www.maarwegstudio2.com\/site\/wp-json\/wp\/v2\/pages"}],"about":[{"href":"https:\/\/www.maarwegstudio2.com\/site\/wp-json\/wp\/v2\/types\/page"}],"author":[{"embeddable":true,"href":"https:\/\/www.maarwegstudio2.com\/site\/wp-json\/wp\/v2\/users\/4"}],"replies":[{"embeddable":true,"href":"https:\/\/www.maarwegstudio2.com\/site\/wp-json\/wp\/v2\/comments?post=156"}],"version-history":[{"count":6,"href":"https:\/\/www.maarwegstudio2.com\/site\/wp-json\/wp\/v2\/pages\/156\/revisions"}],"predecessor-version":[{"id":1182,"href":"https:\/\/www.maarwegstudio2.com\/site\/wp-json\/wp\/v2\/pages\/156\/revisions\/1182"}],"wp:attachment":[{"href":"https:\/\/www.maarwegstudio2.com\/site\/wp-json\/wp\/v2\/media?parent=156"}],"curies":[{"name":"wp","href":"https:\/\/api.w.org\/{rel}","templated":true}]}}